{"id":39110,"date":"2024-10-08T21:02:09","date_gmt":"2024-10-08T19:02:09","guid":{"rendered":"https:\/\/muscope.ch\/myvgl-telecharger\/"},"modified":"2024-10-14T12:35:38","modified_gmt":"2024-10-14T10:35:38","slug":"myvgl-telecharger","status":"publish","type":"page","link":"https:\/\/muscope.ch\/fr\/myvgl-telecharger\/","title":{"rendered":"myVGL T\u00e9l\u00e9charger"},"content":{"rendered":"\t\t<div data-elementor-type=\"wp-page\" data-elementor-id=\"39110\" class=\"elementor elementor-39110 elementor-39107\" data-elementor-post-type=\"page\">\n\t\t\t\t\t\t<section class=\"elementor-section elementor-top-section elementor-element elementor-element-20ef8105 elementor-section-stretched elementor-section-boxed elementor-section-height-default elementor-section-height-default\" data-id=\"20ef8105\" data-element_type=\"section\" data-settings=\"{&quot;stretch_section&quot;:&quot;section-stretched&quot;,&quot;background_background&quot;:&quot;classic&quot;}\">\n\t\t\t\t\t\t\t<div class=\"elementor-background-overlay\"><\/div>\n\t\t\t\t\t\t\t<div class=\"elementor-container elementor-column-gap-default\">\n\t\t\t\t\t<div class=\"elementor-column elementor-col-33 elementor-top-column elementor-element elementor-element-670eff47\" data-id=\"670eff47\" data-element_type=\"column\" data-settings=\"{&quot;background_background&quot;:&quot;classic&quot;}\">\n\t\t\t<div class=\"elementor-widget-wrap elementor-element-populated\">\n\t\t\t\t\t\t<div class=\"elementor-element elementor-element-1ab3356 elementor-widget elementor-widget-heading\" data-id=\"1ab3356\" data-element_type=\"widget\" data-widget_type=\"heading.default\">\n\t\t\t\t<div class=\"elementor-widget-container\">\n\t\t\t\t\t<h2 class=\"elementor-heading-title elementor-size-default\">T\u00e9l\u00e9charger myVGL<\/h2>\t\t\t\t<\/div>\n\t\t\t\t<\/div>\n\t\t\t\t<div class=\"elementor-element elementor-element-762fce97 elementor-widget elementor-widget-text-editor\" data-id=\"762fce97\" data-element_type=\"widget\" data-widget_type=\"text-editor.default\">\n\t\t\t\t<div class=\"elementor-widget-container\">\n\t\t\t\t\t\t\t\t\t<p>Visualisez des \u00e9chantillons de donn\u00e9es et d\u00e9couvrez la tomographie assist\u00e9e par ordinateur avec myVGL<\/p>\n\t\t\t\t\t\t\t\t<\/div>\n\t\t\t\t<\/div>\n\t\t\t\t<div class=\"elementor-element elementor-element-6b6fa1df elementor-widget elementor-widget-text-editor\" data-id=\"6b6fa1df\" data-element_type=\"widget\" data-widget_type=\"text-editor.default\">\n\t\t\t\t<div class=\"elementor-widget-container\">\n\t\t\t\t\t\t\t\t\t<p>L&rsquo;installation de logiciels peut s&rsquo;av\u00e9rer difficile dans votre entreprise. Nous nous ferons un plaisir de vous faire une d\u00e9monstration personnelle par le biais de Teams.<\/p>\n\t\t\t\t\t\t\t\t<\/div>\n\t\t\t\t<\/div>\n\t\t\t\t<div class=\"elementor-element elementor-element-2db47163 elementor-align-left elementor-widget elementor-widget-button\" data-id=\"2db47163\" data-element_type=\"widget\" data-widget_type=\"button.default\">\n\t\t\t\t<div class=\"elementor-widget-container\">\n\t\t\t\t\t\t\t\t\t<div class=\"elementor-button-wrapper\">\n\t\t\t\t\t<a class=\"elementor-button elementor-button-link elementor-size-xs\" href=\"#elementor-action%3Aaction%3Dpopup%3Aopen%26settings%3DeyJpZCI6MzgzOTIsInRvZ2dsZSI6ZmFsc2V9\">\n\t\t\t\t\t\t<span class=\"elementor-button-content-wrapper\">\n\t\t\t\t\t\t\t\t\t<span class=\"elementor-button-text\">T\u00e9l\u00e9charger myVGL et les donn\u00e9es de l'\u00e9chantillon<\/span>\n\t\t\t\t\t<\/span>\n\t\t\t\t\t<\/a>\n\t\t\t\t<\/div>\n\t\t\t\t\t\t\t\t<\/div>\n\t\t\t\t<\/div>\n\t\t\t\t\t<\/div>\n\t\t<\/div>\n\t\t\t\t<div class=\"elementor-column elementor-col-33 elementor-top-column elementor-element elementor-element-6d2a8f17 elementor-hidden-mobile\" data-id=\"6d2a8f17\" data-element_type=\"column\" data-settings=\"{&quot;background_background&quot;:&quot;classic&quot;}\">\n\t\t\t<div class=\"elementor-widget-wrap\">\n\t\t\t\t\t\t\t<\/div>\n\t\t<\/div>\n\t\t\t\t<div class=\"elementor-column elementor-col-33 elementor-top-column elementor-element elementor-element-1eb456d2 elementor-hidden-mobile\" data-id=\"1eb456d2\" data-element_type=\"column\" data-settings=\"{&quot;background_background&quot;:&quot;classic&quot;}\">\n\t\t\t<div class=\"elementor-widget-wrap elementor-element-populated\">\n\t\t\t\t\t\t<div class=\"elementor-element elementor-element-6422e297 elementor-widget__width-initial elementor-widget elementor-widget-image\" data-id=\"6422e297\" data-element_type=\"widget\" data-widget_type=\"image.default\">\n\t\t\t\t<div class=\"elementor-widget-container\">\n\t\t\t\t\t\t\t\t\t\t\t\t\t\t\t<img fetchpriority=\"high\" decoding=\"async\" width=\"1024\" height=\"951\" src=\"https:\/\/muscope.ch\/wp-content\/uploads\/2023\/03\/VG_Packshot_myVGL.png\" class=\"attachment-large size-large wp-image-38277\" alt=\"\" srcset=\"https:\/\/muscope.ch\/wp-content\/uploads\/2023\/03\/VG_Packshot_myVGL.png 1024w, https:\/\/muscope.ch\/wp-content\/uploads\/2023\/03\/VG_Packshot_myVGL-300x279.png 300w, https:\/\/muscope.ch\/wp-content\/uploads\/2023\/03\/VG_Packshot_myVGL-768x713.png 768w\" sizes=\"(max-width: 1024px) 100vw, 1024px\" \/>\t\t\t\t\t\t\t\t\t\t\t\t\t\t\t<\/div>\n\t\t\t\t<\/div>\n\t\t\t\t\t<\/div>\n\t\t<\/div>\n\t\t\t\t\t<\/div>\n\t\t<\/section>\n\t\t\t\t<\/div>\n\t\t","protected":false},"excerpt":{"rendered":"<p>T\u00e9l\u00e9charger myVGL Visualisez des \u00e9chantillons de donn\u00e9es et d\u00e9couvrez la tomographie assist\u00e9e par ordinateur avec myVGL L&rsquo;installation de logiciels peut s&rsquo;av\u00e9rer difficile dans votre entreprise. Nous nous ferons un plaisir de vous faire une d\u00e9monstration personnelle par le biais de Teams. T\u00e9l\u00e9charger myVGL et les donn\u00e9es de l&rsquo;\u00e9chantillon<\/p>\n","protected":false},"author":1,"featured_media":38278,"parent":0,"menu_order":0,"comment_status":"closed","ping_status":"closed","template":"","meta":{"ocean_post_layout":"","ocean_both_sidebars_style":"","ocean_both_sidebars_content_width":0,"ocean_both_sidebars_sidebars_width":0,"ocean_sidebar":"0","ocean_second_sidebar":"0","ocean_disable_margins":"enable","ocean_add_body_class":"","ocean_shortcode_before_top_bar":"","ocean_shortcode_after_top_bar":"","ocean_shortcode_before_header":"","ocean_shortcode_after_header":"","ocean_has_shortcode":"","ocean_shortcode_after_title":"","ocean_shortcode_before_footer_widgets":"","ocean_shortcode_after_footer_widgets":"","ocean_shortcode_before_footer_bottom":"","ocean_shortcode_after_footer_bottom":"","ocean_display_top_bar":"default","ocean_display_header":"default","ocean_header_style":"","ocean_center_header_left_menu":"0","ocean_custom_header_template":"0","ocean_custom_logo":0,"ocean_custom_retina_logo":0,"ocean_custom_logo_max_width":0,"ocean_custom_logo_tablet_max_width":0,"ocean_custom_logo_mobile_max_width":0,"ocean_custom_logo_max_height":0,"ocean_custom_logo_tablet_max_height":0,"ocean_custom_logo_mobile_max_height":0,"ocean_header_custom_menu":"0","ocean_menu_typo_font_family":"0","ocean_menu_typo_font_subset":"","ocean_menu_typo_font_size":0,"ocean_menu_typo_font_size_tablet":0,"ocean_menu_typo_font_size_mobile":0,"ocean_menu_typo_font_size_unit":"px","ocean_menu_typo_font_weight":"","ocean_menu_typo_font_weight_tablet":"","ocean_menu_typo_font_weight_mobile":"","ocean_menu_typo_transform":"","ocean_menu_typo_transform_tablet":"","ocean_menu_typo_transform_mobile":"","ocean_menu_typo_line_height":0,"ocean_menu_typo_line_height_tablet":0,"ocean_menu_typo_line_height_mobile":0,"ocean_menu_typo_line_height_unit":"","ocean_menu_typo_spacing":0,"ocean_menu_typo_spacing_tablet":0,"ocean_menu_typo_spacing_mobile":0,"ocean_menu_typo_spacing_unit":"","ocean_menu_link_color":"","ocean_menu_link_color_hover":"","ocean_menu_link_color_active":"","ocean_menu_link_background":"","ocean_menu_link_hover_background":"","ocean_menu_link_active_background":"","ocean_menu_social_links_bg":"","ocean_menu_social_hover_links_bg":"","ocean_menu_social_links_color":"","ocean_menu_social_hover_links_color":"","ocean_disable_title":"default","ocean_disable_heading":"default","ocean_post_title":"","ocean_post_subheading":"","ocean_post_title_style":"","ocean_post_title_background_color":"","ocean_post_title_background":0,"ocean_post_title_bg_image_position":"","ocean_post_title_bg_image_attachment":"","ocean_post_title_bg_image_repeat":"","ocean_post_title_bg_image_size":"","ocean_post_title_height":0,"ocean_post_title_bg_overlay":0.5,"ocean_post_title_bg_overlay_color":"","ocean_disable_breadcrumbs":"default","ocean_breadcrumbs_color":"","ocean_breadcrumbs_separator_color":"","ocean_breadcrumbs_links_color":"","ocean_breadcrumbs_links_hover_color":"","ocean_display_footer_widgets":"default","ocean_display_footer_bottom":"default","ocean_custom_footer_template":"0","footnotes":""},"class_list":["post-39110","page","type-page","status-publish","has-post-thumbnail","hentry","entry","has-media"],"yoast_head":"<!-- This site is optimized with the Yoast SEO plugin v24.6 - https:\/\/yoast.com\/wordpress\/plugins\/seo\/ -->\n<title>myVGL T\u00e9l\u00e9charger - MuScope<\/title>\n<meta name=\"description\" content=\"T\u00e9l\u00e9chargez myVGL, le puissant logiciel de visualisation de VG-Studio, et commencez rapidement avec notre tutoriel de d\u00e9marrage rapide \u00e9tape par \u00e9tape.\" \/>\n<meta name=\"robots\" content=\"index, follow, max-snippet:-1, max-image-preview:large, max-video-preview:-1\" \/>\n<link rel=\"canonical\" href=\"https:\/\/muscope.ch\/fr\/myvgl-telecharger\/\" \/>\n<meta property=\"og:locale\" content=\"fr_FR\" \/>\n<meta property=\"og:type\" content=\"article\" \/>\n<meta property=\"og:title\" content=\"myVGL T\u00e9l\u00e9charger - MuScope\" \/>\n<meta property=\"og:description\" content=\"T\u00e9l\u00e9chargez myVGL, le puissant logiciel de visualisation de VG-Studio, et commencez rapidement avec notre tutoriel de d\u00e9marrage rapide \u00e9tape par \u00e9tape.\" \/>\n<meta property=\"og:url\" content=\"https:\/\/muscope.ch\/fr\/myvgl-telecharger\/\" \/>\n<meta property=\"og:site_name\" content=\"MuScope\" \/>\n<meta property=\"article:modified_time\" content=\"2024-10-14T10:35:38+00:00\" \/>\n<meta property=\"og:image\" content=\"https:\/\/muscope.ch\/wp-content\/uploads\/2023\/03\/VG_Packshot_myVGL.png\" \/>\n\t<meta property=\"og:image:width\" content=\"1024\" \/>\n\t<meta property=\"og:image:height\" content=\"951\" \/>\n\t<meta property=\"og:image:type\" content=\"image\/png\" \/>\n<meta name=\"twitter:card\" content=\"summary_large_image\" \/>\n<script type=\"application\/ld+json\" class=\"yoast-schema-graph\">{\"@context\":\"https:\/\/schema.org\",\"@graph\":[{\"@type\":\"WebPage\",\"@id\":\"https:\/\/muscope.ch\/fr\/myvgl-telecharger\/\",\"url\":\"https:\/\/muscope.ch\/fr\/myvgl-telecharger\/\",\"name\":\"myVGL T\u00e9l\u00e9charger - MuScope\",\"isPartOf\":{\"@id\":\"https:\/\/muscope.ch\/fr\/#website\"},\"primaryImageOfPage\":{\"@id\":\"https:\/\/muscope.ch\/fr\/myvgl-telecharger\/#primaryimage\"},\"image\":{\"@id\":\"https:\/\/muscope.ch\/fr\/myvgl-telecharger\/#primaryimage\"},\"thumbnailUrl\":\"https:\/\/muscope.ch\/wp-content\/uploads\/2023\/03\/VG_Packshot_myVGL.png\",\"datePublished\":\"2024-10-08T19:02:09+00:00\",\"dateModified\":\"2024-10-14T10:35:38+00:00\",\"description\":\"T\u00e9l\u00e9chargez myVGL, le puissant logiciel de visualisation de VG-Studio, et commencez rapidement avec notre tutoriel de d\u00e9marrage rapide \u00e9tape par \u00e9tape.\",\"breadcrumb\":{\"@id\":\"https:\/\/muscope.ch\/fr\/myvgl-telecharger\/#breadcrumb\"},\"inLanguage\":\"fr-FR\",\"potentialAction\":[{\"@type\":\"ReadAction\",\"target\":[\"https:\/\/muscope.ch\/fr\/myvgl-telecharger\/\"]}]},{\"@type\":\"ImageObject\",\"inLanguage\":\"fr-FR\",\"@id\":\"https:\/\/muscope.ch\/fr\/myvgl-telecharger\/#primaryimage\",\"url\":\"https:\/\/muscope.ch\/wp-content\/uploads\/2023\/03\/VG_Packshot_myVGL.png\",\"contentUrl\":\"https:\/\/muscope.ch\/wp-content\/uploads\/2023\/03\/VG_Packshot_myVGL.png\",\"width\":1024,\"height\":951},{\"@type\":\"BreadcrumbList\",\"@id\":\"https:\/\/muscope.ch\/fr\/myvgl-telecharger\/#breadcrumb\",\"itemListElement\":[{\"@type\":\"ListItem\",\"position\":1,\"name\":\"Home\",\"item\":\"https:\/\/muscope.ch\/fr\/accueil\/\"},{\"@type\":\"ListItem\",\"position\":2,\"name\":\"myVGL T\u00e9l\u00e9charger\"}]},{\"@type\":\"WebSite\",\"@id\":\"https:\/\/muscope.ch\/fr\/#website\",\"url\":\"https:\/\/muscope.ch\/fr\/\",\"name\":\"MuScope\",\"description\":\"Metrology\",\"publisher\":{\"@id\":\"https:\/\/muscope.ch\/fr\/#organization\"},\"potentialAction\":[{\"@type\":\"SearchAction\",\"target\":{\"@type\":\"EntryPoint\",\"urlTemplate\":\"https:\/\/muscope.ch\/fr\/?s={search_term_string}\"},\"query-input\":{\"@type\":\"PropertyValueSpecification\",\"valueRequired\":true,\"valueName\":\"search_term_string\"}}],\"inLanguage\":\"fr-FR\"},{\"@type\":\"Organization\",\"@id\":\"https:\/\/muscope.ch\/fr\/#organization\",\"name\":\"MuScope SNC\",\"url\":\"https:\/\/muscope.ch\/fr\/\",\"logo\":{\"@type\":\"ImageObject\",\"inLanguage\":\"fr-FR\",\"@id\":\"https:\/\/muscope.ch\/fr\/#\/schema\/logo\/image\/\",\"url\":\"https:\/\/muscope.ch\/wp-content\/uploads\/2022\/06\/MuScope-red_760000.png\",\"contentUrl\":\"https:\/\/muscope.ch\/wp-content\/uploads\/2022\/06\/MuScope-red_760000.png\",\"width\":2178,\"height\":746,\"caption\":\"MuScope SNC\"},\"image\":{\"@id\":\"https:\/\/muscope.ch\/fr\/#\/schema\/logo\/image\/\"},\"sameAs\":[\"https:\/\/www.linkedin.com\/company\/muscope-metrology\/about\/\"]}]}<\/script>\n<!-- \/ Yoast SEO plugin. -->","yoast_head_json":{"title":"myVGL T\u00e9l\u00e9charger - MuScope","description":"T\u00e9l\u00e9chargez myVGL, le puissant logiciel de visualisation de VG-Studio, et commencez rapidement avec notre tutoriel de d\u00e9marrage rapide \u00e9tape par \u00e9tape.","robots":{"index":"index","follow":"follow","max-snippet":"max-snippet:-1","max-image-preview":"max-image-preview:large","max-video-preview":"max-video-preview:-1"},"canonical":"https:\/\/muscope.ch\/fr\/myvgl-telecharger\/","og_locale":"fr_FR","og_type":"article","og_title":"myVGL T\u00e9l\u00e9charger - MuScope","og_description":"T\u00e9l\u00e9chargez myVGL, le puissant logiciel de visualisation de VG-Studio, et commencez rapidement avec notre tutoriel de d\u00e9marrage rapide \u00e9tape par \u00e9tape.","og_url":"https:\/\/muscope.ch\/fr\/myvgl-telecharger\/","og_site_name":"MuScope","article_modified_time":"2024-10-14T10:35:38+00:00","og_image":[{"width":1024,"height":951,"url":"https:\/\/muscope.ch\/wp-content\/uploads\/2023\/03\/VG_Packshot_myVGL.png","type":"image\/png"}],"twitter_card":"summary_large_image","schema":{"@context":"https:\/\/schema.org","@graph":[{"@type":"WebPage","@id":"https:\/\/muscope.ch\/fr\/myvgl-telecharger\/","url":"https:\/\/muscope.ch\/fr\/myvgl-telecharger\/","name":"myVGL T\u00e9l\u00e9charger - MuScope","isPartOf":{"@id":"https:\/\/muscope.ch\/fr\/#website"},"primaryImageOfPage":{"@id":"https:\/\/muscope.ch\/fr\/myvgl-telecharger\/#primaryimage"},"image":{"@id":"https:\/\/muscope.ch\/fr\/myvgl-telecharger\/#primaryimage"},"thumbnailUrl":"https:\/\/muscope.ch\/wp-content\/uploads\/2023\/03\/VG_Packshot_myVGL.png","datePublished":"2024-10-08T19:02:09+00:00","dateModified":"2024-10-14T10:35:38+00:00","description":"T\u00e9l\u00e9chargez myVGL, le puissant logiciel de visualisation de VG-Studio, et commencez rapidement avec notre tutoriel de d\u00e9marrage rapide \u00e9tape par \u00e9tape.","breadcrumb":{"@id":"https:\/\/muscope.ch\/fr\/myvgl-telecharger\/#breadcrumb"},"inLanguage":"fr-FR","potentialAction":[{"@type":"ReadAction","target":["https:\/\/muscope.ch\/fr\/myvgl-telecharger\/"]}]},{"@type":"ImageObject","inLanguage":"fr-FR","@id":"https:\/\/muscope.ch\/fr\/myvgl-telecharger\/#primaryimage","url":"https:\/\/muscope.ch\/wp-content\/uploads\/2023\/03\/VG_Packshot_myVGL.png","contentUrl":"https:\/\/muscope.ch\/wp-content\/uploads\/2023\/03\/VG_Packshot_myVGL.png","width":1024,"height":951},{"@type":"BreadcrumbList","@id":"https:\/\/muscope.ch\/fr\/myvgl-telecharger\/#breadcrumb","itemListElement":[{"@type":"ListItem","position":1,"name":"Home","item":"https:\/\/muscope.ch\/fr\/accueil\/"},{"@type":"ListItem","position":2,"name":"myVGL T\u00e9l\u00e9charger"}]},{"@type":"WebSite","@id":"https:\/\/muscope.ch\/fr\/#website","url":"https:\/\/muscope.ch\/fr\/","name":"MuScope","description":"Metrology","publisher":{"@id":"https:\/\/muscope.ch\/fr\/#organization"},"potentialAction":[{"@type":"SearchAction","target":{"@type":"EntryPoint","urlTemplate":"https:\/\/muscope.ch\/fr\/?s={search_term_string}"},"query-input":{"@type":"PropertyValueSpecification","valueRequired":true,"valueName":"search_term_string"}}],"inLanguage":"fr-FR"},{"@type":"Organization","@id":"https:\/\/muscope.ch\/fr\/#organization","name":"MuScope SNC","url":"https:\/\/muscope.ch\/fr\/","logo":{"@type":"ImageObject","inLanguage":"fr-FR","@id":"https:\/\/muscope.ch\/fr\/#\/schema\/logo\/image\/","url":"https:\/\/muscope.ch\/wp-content\/uploads\/2022\/06\/MuScope-red_760000.png","contentUrl":"https:\/\/muscope.ch\/wp-content\/uploads\/2022\/06\/MuScope-red_760000.png","width":2178,"height":746,"caption":"MuScope SNC"},"image":{"@id":"https:\/\/muscope.ch\/fr\/#\/schema\/logo\/image\/"},"sameAs":["https:\/\/www.linkedin.com\/company\/muscope-metrology\/about\/"]}]}},"_links":{"self":[{"href":"https:\/\/muscope.ch\/fr\/wp-json\/wp\/v2\/pages\/39110","targetHints":{"allow":["GET"]}}],"collection":[{"href":"https:\/\/muscope.ch\/fr\/wp-json\/wp\/v2\/pages"}],"about":[{"href":"https:\/\/muscope.ch\/fr\/wp-json\/wp\/v2\/types\/page"}],"author":[{"embeddable":true,"href":"https:\/\/muscope.ch\/fr\/wp-json\/wp\/v2\/users\/1"}],"replies":[{"embeddable":true,"href":"https:\/\/muscope.ch\/fr\/wp-json\/wp\/v2\/comments?post=39110"}],"version-history":[{"count":0,"href":"https:\/\/muscope.ch\/fr\/wp-json\/wp\/v2\/pages\/39110\/revisions"}],"wp:featuredmedia":[{"embeddable":true,"href":"https:\/\/muscope.ch\/fr\/wp-json\/wp\/v2\/media\/38278"}],"wp:attachment":[{"href":"https:\/\/muscope.ch\/fr\/wp-json\/wp\/v2\/media?parent=39110"}],"curies":[{"name":"wp","href":"https:\/\/api.w.org\/{rel}","templated":true}]}}