{"id":30496,"date":"2022-07-03T00:27:41","date_gmt":"2022-07-02T22:27:41","guid":{"rendered":"https:\/\/muscope.ch\/impressum\/"},"modified":"2023-02-16T15:30:19","modified_gmt":"2023-02-16T14:30:19","slug":"impressum","status":"publish","type":"page","link":"https:\/\/muscope.ch\/de\/impressum\/","title":{"rendered":"Impressum"},"content":{"rendered":"\t\t<div data-elementor-type=\"wp-page\" data-elementor-id=\"30496\" class=\"elementor elementor-30496 elementor-30493\" data-elementor-post-type=\"page\">\n\t\t\t\t\t\t<section class=\"elementor-section elementor-top-section elementor-element elementor-element-3f18fe9 elementor-section-stretched elementor-reverse-mobile elementor-section-boxed elementor-section-height-default elementor-section-height-default\" data-id=\"3f18fe9\" data-element_type=\"section\" data-settings=\"{&quot;stretch_section&quot;:&quot;section-stretched&quot;,&quot;background_background&quot;:&quot;classic&quot;}\">\n\t\t\t\t\t\t\t<div class=\"elementor-background-overlay\"><\/div>\n\t\t\t\t\t\t\t<div class=\"elementor-container elementor-column-gap-default\">\n\t\t\t\t\t<div class=\"elementor-column elementor-col-33 elementor-top-column elementor-element elementor-element-f8dd0db\" data-id=\"f8dd0db\" data-element_type=\"column\" data-settings=\"{&quot;background_background&quot;:&quot;classic&quot;}\">\n\t\t\t<div class=\"elementor-widget-wrap elementor-element-populated\">\n\t\t\t\t\t\t<div class=\"elementor-element elementor-element-2609c5c elementor-widget elementor-widget-text-editor\" data-id=\"2609c5c\" data-element_type=\"widget\" data-widget_type=\"text-editor.default\">\n\t\t\t\t<div class=\"elementor-widget-container\">\n\t\t\t\t\t\t\t\t\t<p>Impressum<\/p>\n\t\t\t\t\t\t\t\t<\/div>\n\t\t\t\t<\/div>\n\t\t\t\t<div class=\"elementor-element elementor-element-a54294f elementor-widget elementor-widget-text-editor\" data-id=\"a54294f\" data-element_type=\"widget\" data-widget_type=\"text-editor.default\">\n\t\t\t\t<div class=\"elementor-widget-container\">\n\t\t\t\t\t\t\t\t\t<p>Diese Website wird von MuScope SNC betrieben.<\/p>\n\t\t\t\t\t\t\t\t<\/div>\n\t\t\t\t<\/div>\n\t\t\t\t<div class=\"elementor-element elementor-element-f23a8ae elementor-widget elementor-widget-text-editor\" data-id=\"f23a8ae\" data-element_type=\"widget\" data-widget_type=\"text-editor.default\">\n\t\t\t\t<div class=\"elementor-widget-container\">\n\t\t\t\t\t\t\t\t\t<p>Z\u00f6gern Sie nicht, uns f\u00fcr weitere Informationen zu kontaktieren<\/p>\n\t\t\t\t\t\t\t\t<\/div>\n\t\t\t\t<\/div>\n\t\t\t\t\t<\/div>\n\t\t<\/div>\n\t\t\t\t<div class=\"elementor-column elementor-col-33 elementor-top-column elementor-element elementor-element-44ae682\" data-id=\"44ae682\" data-element_type=\"column\" data-settings=\"{&quot;background_background&quot;:&quot;classic&quot;}\">\n\t\t\t<div class=\"elementor-widget-wrap elementor-element-populated\">\n\t\t\t\t\t\t<div class=\"elementor-element elementor-element-c8d514f elementor-widget elementor-widget-spacer\" data-id=\"c8d514f\" data-element_type=\"widget\" data-widget_type=\"spacer.default\">\n\t\t\t\t<div class=\"elementor-widget-container\">\n\t\t\t\t\t\t\t<div class=\"elementor-spacer\">\n\t\t\t<div class=\"elementor-spacer-inner\"><\/div>\n\t\t<\/div>\n\t\t\t\t\t\t<\/div>\n\t\t\t\t<\/div>\n\t\t\t\t\t<\/div>\n\t\t<\/div>\n\t\t\t\t<div class=\"elementor-column elementor-col-33 elementor-top-column elementor-element elementor-element-512f1db\" data-id=\"512f1db\" data-element_type=\"column\">\n\t\t\t<div class=\"elementor-widget-wrap elementor-element-populated\">\n\t\t\t\t\t\t<div class=\"elementor-element elementor-element-7bfb47c elementor-widget elementor-widget-spacer\" data-id=\"7bfb47c\" data-element_type=\"widget\" data-widget_type=\"spacer.default\">\n\t\t\t\t<div class=\"elementor-widget-container\">\n\t\t\t\t\t\t\t<div class=\"elementor-spacer\">\n\t\t\t<div class=\"elementor-spacer-inner\"><\/div>\n\t\t<\/div>\n\t\t\t\t\t\t<\/div>\n\t\t\t\t<\/div>\n\t\t\t\t\t<\/div>\n\t\t<\/div>\n\t\t\t\t\t<\/div>\n\t\t<\/section>\n\t\t\t\t<section class=\"elementor-section elementor-top-section elementor-element elementor-element-285e3a9 elementor-section-stretched elementor-section-boxed elementor-section-height-default elementor-section-height-default\" data-id=\"285e3a9\" data-element_type=\"section\" data-settings=\"{&quot;stretch_section&quot;:&quot;section-stretched&quot;,&quot;background_background&quot;:&quot;classic&quot;}\">\n\t\t\t\t\t\t<div class=\"elementor-container elementor-column-gap-no\">\n\t\t\t\t\t<div class=\"elementor-column elementor-col-100 elementor-top-column elementor-element elementor-element-433ffce animated-slow\" data-id=\"433ffce\" data-element_type=\"column\" data-settings=\"{&quot;animation&quot;:&quot;none&quot;}\">\n\t\t\t<div class=\"elementor-widget-wrap elementor-element-populated\">\n\t\t\t\t\t\t<div class=\"elementor-element elementor-element-0373ead elementor-widget elementor-widget-heading\" data-id=\"0373ead\" data-element_type=\"widget\" data-widget_type=\"heading.default\">\n\t\t\t\t<div class=\"elementor-widget-container\">\n\t\t\t\t\t<h2 class=\"elementor-heading-title elementor-size-default\">Informationen zum Unternehmen<\/h2>\t\t\t\t<\/div>\n\t\t\t\t<\/div>\n\t\t\t\t<div class=\"elementor-element elementor-element-790f087 elementor-widget elementor-widget-text-editor\" data-id=\"790f087\" data-element_type=\"widget\" data-widget_type=\"text-editor.default\">\n\t\t\t\t<div class=\"elementor-widget-container\">\n\t\t\t\t\t\t\t\t\t<p>Wer und wo sind wir?<\/p>\n\t\t\t\t\t\t\t\t<\/div>\n\t\t\t\t<\/div>\n\t\t\t\t<div class=\"elementor-element elementor-element-9497506 elementor-widget elementor-widget-text-editor\" data-id=\"9497506\" data-element_type=\"widget\" data-widget_type=\"text-editor.default\">\n\t\t\t\t<div class=\"elementor-widget-container\">\n\t\t\t\t\t\t\t\t\t<p>Verantwortlich f\u00fcr den Inhalt der Seiten:<\/p>\n<p>MuScope SNC<\/p>\n<p>Vertreten durch die Partner:<br \/>Florence Jacob und Joel Reinhart<br \/>Route de Chesau 5,<br \/>1615 Bossonens,<br \/>Schweiz<\/p>\n<p>Telefonnummer: +41 21 510 44 04<br \/>E-Mail: info@muscope.ch<br \/>UID: CHE-340.422.455<br \/>CH-ID: CH-320-1087484-5<br \/>EHRA-ID: 1410268<\/p>\n\t\t\t\t\t\t\t\t<\/div>\n\t\t\t\t<\/div>\n\t\t\t\t\t<\/div>\n\t\t<\/div>\n\t\t\t\t\t<\/div>\n\t\t<\/section>\n\t\t\t\t<\/div>\n\t\t","protected":false},"excerpt":{"rendered":"<p>Impressum Diese Website wird von MuScope SNC betrieben. Z\u00f6gern Sie nicht, uns f\u00fcr weitere Informationen zu kontaktieren Informationen zum Unternehmen Wer und wo sind wir? Verantwortlich f\u00fcr den Inhalt der Seiten: MuScope SNC Vertreten durch die Partner:Florence Jacob und Joel ReinhartRoute de Chesau 5,1615 Bossonens,Schweiz Telefonnummer: +41 21 510 44 04E-Mail: info@muscope.chUID: CHE-340.422.455CH-ID: CH-320-1087484-5EHRA-ID: 1410268<\/p>\n","protected":false},"author":1,"featured_media":0,"parent":0,"menu_order":0,"comment_status":"closed","ping_status":"closed","template":"","meta":{"ocean_post_layout":"","ocean_both_sidebars_style":"","ocean_both_sidebars_content_width":0,"ocean_both_sidebars_sidebars_width":0,"ocean_sidebar":"0","ocean_second_sidebar":"0","ocean_disable_margins":"enable","ocean_add_body_class":"","ocean_shortcode_before_top_bar":"","ocean_shortcode_after_top_bar":"","ocean_shortcode_before_header":"","ocean_shortcode_after_header":"","ocean_has_shortcode":"","ocean_shortcode_after_title":"","ocean_shortcode_before_footer_widgets":"","ocean_shortcode_after_footer_widgets":"","ocean_shortcode_before_footer_bottom":"","ocean_shortcode_after_footer_bottom":"","ocean_display_top_bar":"default","ocean_display_header":"default","ocean_header_style":"","ocean_center_header_left_menu":"0","ocean_custom_header_template":"0","ocean_custom_logo":0,"ocean_custom_retina_logo":0,"ocean_custom_logo_max_width":0,"ocean_custom_logo_tablet_max_width":0,"ocean_custom_logo_mobile_max_width":0,"ocean_custom_logo_max_height":0,"ocean_custom_logo_tablet_max_height":0,"ocean_custom_logo_mobile_max_height":0,"ocean_header_custom_menu":"0","ocean_menu_typo_font_family":"0","ocean_menu_typo_font_subset":"","ocean_menu_typo_font_size":0,"ocean_menu_typo_font_size_tablet":0,"ocean_menu_typo_font_size_mobile":0,"ocean_menu_typo_font_size_unit":"px","ocean_menu_typo_font_weight":"","ocean_menu_typo_font_weight_tablet":"","ocean_menu_typo_font_weight_mobile":"","ocean_menu_typo_transform":"","ocean_menu_typo_transform_tablet":"","ocean_menu_typo_transform_mobile":"","ocean_menu_typo_line_height":0,"ocean_menu_typo_line_height_tablet":0,"ocean_menu_typo_line_height_mobile":0,"ocean_menu_typo_line_height_unit":"","ocean_menu_typo_spacing":0,"ocean_menu_typo_spacing_tablet":0,"ocean_menu_typo_spacing_mobile":0,"ocean_menu_typo_spacing_unit":"","ocean_menu_link_color":"","ocean_menu_link_color_hover":"","ocean_menu_link_color_active":"","ocean_menu_link_background":"","ocean_menu_link_hover_background":"","ocean_menu_link_active_background":"","ocean_menu_social_links_bg":"","ocean_menu_social_hover_links_bg":"","ocean_menu_social_links_color":"","ocean_menu_social_hover_links_color":"","ocean_disable_title":"default","ocean_disable_heading":"default","ocean_post_title":"","ocean_post_subheading":"","ocean_post_title_style":"","ocean_post_title_background_color":"","ocean_post_title_background":0,"ocean_post_title_bg_image_position":"","ocean_post_title_bg_image_attachment":"","ocean_post_title_bg_image_repeat":"","ocean_post_title_bg_image_size":"","ocean_post_title_height":0,"ocean_post_title_bg_overlay":0.5,"ocean_post_title_bg_overlay_color":"","ocean_disable_breadcrumbs":"default","ocean_breadcrumbs_color":"","ocean_breadcrumbs_separator_color":"","ocean_breadcrumbs_links_color":"","ocean_breadcrumbs_links_hover_color":"","ocean_display_footer_widgets":"default","ocean_display_footer_bottom":"default","ocean_custom_footer_template":"0","footnotes":""},"class_list":["post-30496","page","type-page","status-publish","hentry","entry"],"yoast_head":"<!-- This site is optimized with the Yoast SEO plugin v24.6 - https:\/\/yoast.com\/wordpress\/plugins\/seo\/ -->\n<title>Impressum - MuScope<\/title>\n<meta name=\"robots\" content=\"index, follow, max-snippet:-1, max-image-preview:large, max-video-preview:-1\" \/>\n<link rel=\"canonical\" href=\"https:\/\/muscope.ch\/de\/impressum\/\" \/>\n<meta property=\"og:locale\" content=\"de_DE\" \/>\n<meta property=\"og:type\" content=\"article\" \/>\n<meta property=\"og:title\" content=\"Impressum - MuScope\" \/>\n<meta property=\"og:description\" content=\"Impressum Diese Website wird von MuScope SNC betrieben. Z\u00f6gern Sie nicht, uns f\u00fcr weitere Informationen zu kontaktieren Informationen zum Unternehmen Wer und wo sind wir? Verantwortlich f\u00fcr den Inhalt der Seiten: MuScope SNC Vertreten durch die Partner:Florence Jacob und Joel ReinhartRoute de Chesau 5,1615 Bossonens,Schweiz Telefonnummer: +41 21 510 44 04E-Mail: info@muscope.chUID: CHE-340.422.455CH-ID: CH-320-1087484-5EHRA-ID: 1410268\" \/>\n<meta property=\"og:url\" content=\"https:\/\/muscope.ch\/de\/impressum\/\" \/>\n<meta property=\"og:site_name\" content=\"MuScope\" \/>\n<meta property=\"article:modified_time\" content=\"2023-02-16T14:30:19+00:00\" \/>\n<meta name=\"twitter:card\" content=\"summary_large_image\" \/>\n<script type=\"application\/ld+json\" class=\"yoast-schema-graph\">{\"@context\":\"https:\/\/schema.org\",\"@graph\":[{\"@type\":\"WebPage\",\"@id\":\"https:\/\/muscope.ch\/de\/impressum\/\",\"url\":\"https:\/\/muscope.ch\/de\/impressum\/\",\"name\":\"Impressum - MuScope\",\"isPartOf\":{\"@id\":\"https:\/\/muscope.ch\/de\/#website\"},\"datePublished\":\"2022-07-02T22:27:41+00:00\",\"dateModified\":\"2023-02-16T14:30:19+00:00\",\"breadcrumb\":{\"@id\":\"https:\/\/muscope.ch\/de\/impressum\/#breadcrumb\"},\"inLanguage\":\"de\",\"potentialAction\":[{\"@type\":\"ReadAction\",\"target\":[\"https:\/\/muscope.ch\/de\/impressum\/\"]}]},{\"@type\":\"BreadcrumbList\",\"@id\":\"https:\/\/muscope.ch\/de\/impressum\/#breadcrumb\",\"itemListElement\":[{\"@type\":\"ListItem\",\"position\":1,\"name\":\"Home\",\"item\":\"https:\/\/muscope.ch\/de\/home\/\"},{\"@type\":\"ListItem\",\"position\":2,\"name\":\"Impressum\"}]},{\"@type\":\"WebSite\",\"@id\":\"https:\/\/muscope.ch\/de\/#website\",\"url\":\"https:\/\/muscope.ch\/de\/\",\"name\":\"MuScope\",\"description\":\"Metrology\",\"publisher\":{\"@id\":\"https:\/\/muscope.ch\/de\/#organization\"},\"potentialAction\":[{\"@type\":\"SearchAction\",\"target\":{\"@type\":\"EntryPoint\",\"urlTemplate\":\"https:\/\/muscope.ch\/de\/?s={search_term_string}\"},\"query-input\":{\"@type\":\"PropertyValueSpecification\",\"valueRequired\":true,\"valueName\":\"search_term_string\"}}],\"inLanguage\":\"de\"},{\"@type\":\"Organization\",\"@id\":\"https:\/\/muscope.ch\/de\/#organization\",\"name\":\"MuScope SNC\",\"url\":\"https:\/\/muscope.ch\/de\/\",\"logo\":{\"@type\":\"ImageObject\",\"inLanguage\":\"de\",\"@id\":\"https:\/\/muscope.ch\/de\/#\/schema\/logo\/image\/\",\"url\":\"https:\/\/muscope.ch\/wp-content\/uploads\/2022\/06\/MuScope-red_760000.png\",\"contentUrl\":\"https:\/\/muscope.ch\/wp-content\/uploads\/2022\/06\/MuScope-red_760000.png\",\"width\":2178,\"height\":746,\"caption\":\"MuScope SNC\"},\"image\":{\"@id\":\"https:\/\/muscope.ch\/de\/#\/schema\/logo\/image\/\"},\"sameAs\":[\"https:\/\/www.linkedin.com\/company\/muscope-metrology\/about\/\"]}]}<\/script>\n<!-- \/ Yoast SEO plugin. -->","yoast_head_json":{"title":"Impressum - MuScope","robots":{"index":"index","follow":"follow","max-snippet":"max-snippet:-1","max-image-preview":"max-image-preview:large","max-video-preview":"max-video-preview:-1"},"canonical":"https:\/\/muscope.ch\/de\/impressum\/","og_locale":"de_DE","og_type":"article","og_title":"Impressum - MuScope","og_description":"Impressum Diese Website wird von MuScope SNC betrieben. Z\u00f6gern Sie nicht, uns f\u00fcr weitere Informationen zu kontaktieren Informationen zum Unternehmen Wer und wo sind wir? Verantwortlich f\u00fcr den Inhalt der Seiten: MuScope SNC Vertreten durch die Partner:Florence Jacob und Joel ReinhartRoute de Chesau 5,1615 Bossonens,Schweiz Telefonnummer: +41 21 510 44 04E-Mail: info@muscope.chUID: CHE-340.422.455CH-ID: CH-320-1087484-5EHRA-ID: 1410268","og_url":"https:\/\/muscope.ch\/de\/impressum\/","og_site_name":"MuScope","article_modified_time":"2023-02-16T14:30:19+00:00","twitter_card":"summary_large_image","schema":{"@context":"https:\/\/schema.org","@graph":[{"@type":"WebPage","@id":"https:\/\/muscope.ch\/de\/impressum\/","url":"https:\/\/muscope.ch\/de\/impressum\/","name":"Impressum - MuScope","isPartOf":{"@id":"https:\/\/muscope.ch\/de\/#website"},"datePublished":"2022-07-02T22:27:41+00:00","dateModified":"2023-02-16T14:30:19+00:00","breadcrumb":{"@id":"https:\/\/muscope.ch\/de\/impressum\/#breadcrumb"},"inLanguage":"de","potentialAction":[{"@type":"ReadAction","target":["https:\/\/muscope.ch\/de\/impressum\/"]}]},{"@type":"BreadcrumbList","@id":"https:\/\/muscope.ch\/de\/impressum\/#breadcrumb","itemListElement":[{"@type":"ListItem","position":1,"name":"Home","item":"https:\/\/muscope.ch\/de\/home\/"},{"@type":"ListItem","position":2,"name":"Impressum"}]},{"@type":"WebSite","@id":"https:\/\/muscope.ch\/de\/#website","url":"https:\/\/muscope.ch\/de\/","name":"MuScope","description":"Metrology","publisher":{"@id":"https:\/\/muscope.ch\/de\/#organization"},"potentialAction":[{"@type":"SearchAction","target":{"@type":"EntryPoint","urlTemplate":"https:\/\/muscope.ch\/de\/?s={search_term_string}"},"query-input":{"@type":"PropertyValueSpecification","valueRequired":true,"valueName":"search_term_string"}}],"inLanguage":"de"},{"@type":"Organization","@id":"https:\/\/muscope.ch\/de\/#organization","name":"MuScope SNC","url":"https:\/\/muscope.ch\/de\/","logo":{"@type":"ImageObject","inLanguage":"de","@id":"https:\/\/muscope.ch\/de\/#\/schema\/logo\/image\/","url":"https:\/\/muscope.ch\/wp-content\/uploads\/2022\/06\/MuScope-red_760000.png","contentUrl":"https:\/\/muscope.ch\/wp-content\/uploads\/2022\/06\/MuScope-red_760000.png","width":2178,"height":746,"caption":"MuScope SNC"},"image":{"@id":"https:\/\/muscope.ch\/de\/#\/schema\/logo\/image\/"},"sameAs":["https:\/\/www.linkedin.com\/company\/muscope-metrology\/about\/"]}]}},"_links":{"self":[{"href":"https:\/\/muscope.ch\/de\/wp-json\/wp\/v2\/pages\/30496","targetHints":{"allow":["GET"]}}],"collection":[{"href":"https:\/\/muscope.ch\/de\/wp-json\/wp\/v2\/pages"}],"about":[{"href":"https:\/\/muscope.ch\/de\/wp-json\/wp\/v2\/types\/page"}],"author":[{"embeddable":true,"href":"https:\/\/muscope.ch\/de\/wp-json\/wp\/v2\/users\/1"}],"replies":[{"embeddable":true,"href":"https:\/\/muscope.ch\/de\/wp-json\/wp\/v2\/comments?post=30496"}],"version-history":[{"count":0,"href":"https:\/\/muscope.ch\/de\/wp-json\/wp\/v2\/pages\/30496\/revisions"}],"wp:attachment":[{"href":"https:\/\/muscope.ch\/de\/wp-json\/wp\/v2\/media?parent=30496"}],"curies":[{"name":"wp","href":"https:\/\/api.w.org\/{rel}","templated":true}]}}